{"id":437,"date":"2025-12-04T13:46:55","date_gmt":"2025-12-04T12:46:55","guid":{"rendered":"https:\/\/lejpartybus.dk\/?page_id=437"},"modified":"2026-03-24T13:50:06","modified_gmt":"2026-03-24T12:50:06","slug":"terms-of-trade","status":"publish","type":"page","link":"https:\/\/lejpartybus.dk\/en\/handelsbetingelser\/","title":{"rendered":"Terms of Trade"},"content":{"rendered":"<div class=\"wpb-content-wrapper\"><div data-parent=\"true\" class=\"vc_row row-container\" id=\"row-unique-0\"><div class=\"row double-top-padding single-bottom-padding single-h-padding limit-width row-parent\"><div class=\"wpb_row row-inner\"><div class=\"wpb_column pos-top pos-center align_center column_parent col-lg-12 half-internal-gutter\"><div class=\"uncol style-light\"  ><div class=\"uncoltable\"><div class=\"uncell no-block-padding\" ><div class=\"uncont\" ><div class=\"vc_custom_heading_wrap\"><div class=\"heading-text el-text\" ><h2 class=\"h2\" ><span>Terms and conditions for LejPartybus<\/span><\/h2><\/div><div class=\"clear\"><\/div><\/div><div class=\"empty-space empty-double\" ><span class=\"empty-space-inner\"><\/span><\/div>\n<div class=\"divider-wrapper\"  >\n    <hr class=\"unseparator separator-no-padding\"  \/>\n<\/div>\n<\/div><\/div><\/div><\/div><\/div><script id=\"script-row-unique-0\" data-row=\"script-row-unique-0\" type=\"text\/javascript\" class=\"vc_controls\">UNCODE.initRow(document.getElementById(\"row-unique-0\"));<\/script><\/div><\/div><\/div><div data-parent=\"true\" class=\"vc_row row-container onepage-section\" data-label=\"drikkevarer\" data-name=\"drikkevarer\" id=\"row-unique-1\"><div class=\"row limit-width row-parent\"><div class=\"wpb_row row-inner\"><div class=\"wpb_column pos-top pos-center align_left column_parent col-lg-12 half-internal-gutter\"><div class=\"uncol style-light\"  ><div class=\"uncoltable\"><div class=\"uncell\" ><div class=\"uncont no-block-padding col-custom-width\" style=\" max-width:996px;\" ><div class=\"uncode_text_column\" ><p><strong>Music on the bus<\/strong><\/p>\n<p>You can play music on the bus&#039;s system by connecting your own smartphone. We recommend that you prepare a playlist before the trip. The connection is made via the AUX minijack, which is available on board.<\/p>\n<p>&nbsp;<\/p>\n<p><strong>Payment<\/strong><\/p>\n<p>Payment for the trip must be made immediately before departure, unless otherwise agreed in advance.<\/p>\n<p>&nbsp;<\/p>\n<p><strong>End of the tour<\/strong><\/p>\n<p>At the end of the trip, the bus usually arrives at the final stop approximately 5 minutes before the agreed end time, as it typically takes a few minutes to collect belongings and end the party.<br \/>\nA booking of 1 hour therefore gives approximately 55 minutes of party time.<\/p>\n<p>&nbsp;<\/p>\n<p><strong>Cancellation<\/strong><\/p>\n<ul>\n<li>If the trip is cancelled by arrangement, 25 DKK of the total price will be charged.<\/li>\n<li>If the trip is cancelled less than 72 hours before departure, the full price will be charged.<\/li>\n<li>Our staff reserves the right to terminate the tour if guests behave dangerously or inappropriately. No refunds will be given for terminated tours.<\/li>\n<\/ul>\n<p>&nbsp;<\/p>\n<p><strong>Cleaning<\/strong><\/p>\n<p>General cleaning is included in the price.<br \/>\nExtra cleaning after, for example, confetti, vomit, spilled drinks, snuff or other inappropriate behavior may result in a fee of between DKK 1,000\u20133,000, as the bus must be prepared for the next customers.<\/p>\n<p>&nbsp;<\/p>\n<p><strong>Damage and vandalism<\/strong><\/p>\n<p>Any damage or vandalism to the bus will be charged after the tour.<\/p>\n<p>&nbsp;<\/p>\n<p><strong>Alcohol and equipment<\/strong><\/p>\n<p>Any excess alcohol is removed after the tour.<br \/>\nEmergency hammers are part of the bus&#039;s safety equipment and should only be used in the event of a fire or accident.<br \/>\nIn the event of unnecessary use, removal or theft of an emergency hammer, a fee of DKK 5,000 per hammer will be charged. The person\/company booking the bus is responsible for all guests on board.<\/p>\n<p>&nbsp;<\/p>\n<p><strong>Delay \/ Force majeure<\/strong><\/p>\n<p>Our buses are popular and we often run many trips on busy days.<br \/>\nTherefore, minor delays of up to 15\u201330 minutes may occur.<br \/>\nThe driver always decides where the bus stops, and we do our best to adhere to the agreed time.<br \/>\nIf we are more than 15 minutes late for pick-up, compensation may be applied for in certain cases if the trip cannot be extended.<\/p>\n<p>&nbsp;<\/p>\n<p><strong>Personal data<\/strong><\/p>\n<ol>\n<li><strong>Collection:<\/strong> When you book via our website, we collect information such as name, phone number, email, start and end time, and start and end address of the bus trip.<\/li>\n<li><strong>Use:<\/strong> The information is used to process booking and payment. After the trip, data is deleted in accordance with applicable legislation.<\/li>\n<li><strong>Sensitive information:<\/strong> We do not collect information about health, religion, ethnicity or political affiliations.<\/li>\n<li><strong>Disclosure:<\/strong> Information may be processed in our accounting system, which is operated by a third party.<\/li>\n<li><strong>Question:<\/strong> Contact us at info@lejpartybus.dk if you have any questions about personal data.<\/li>\n<\/ol>\n<p>&nbsp;<\/p>\n<p><strong>Payment and invoicing<\/strong><\/p>\n<ul>\n<li>Payment is made via MobilePay to the following number: 73915<\/li>\n<li>When transferring from a name other than the booker&#039;s, the booker&#039;s name is noted.<\/li>\n<li>If you would like an invoice, please provide your CVR and\/or EAN number when booking.<\/li>\n<\/ul>\n<p>We look forward to welcoming you on board. <strong>Rent a Party Bus<\/strong> \u2013 good luck!<\/p>\n<\/div><\/div><\/div><\/div><\/div><\/div><script id=\"script-row-unique-1\" data-row=\"script-row-unique-1\" type=\"text\/javascript\" class=\"vc_controls\">UNCODE.initRow(document.getElementById(\"row-unique-1\"));<\/script><\/div><\/div><\/div>\n<\/div>","protected":false},"excerpt":{"rendered":"<p>Here you will find the most important guidelines for your booking and trip with LejPartybus \u2013 safety, payment and party all at once.<\/p>","protected":false},"author":2,"featured_media":394,"parent":0,"menu_order":0,"comment_status":"closed","ping_status":"closed","template":"","meta":{"footnotes":""},"class_list":["post-437","page","type-page","status-publish","has-post-thumbnail","hentry"],"yoast_head":"<!-- This site is optimized with the Yoast SEO plugin v27.2 - https:\/\/yoast.com\/product\/yoast-seo-wordpress\/ -->\n<title>Handelsbetingelser | Lej Partybus<\/title>\n<meta name=\"description\" content=\"F\u00e5 en uforglemmelig fest p\u00e5 hjul til en pris, der passer til jeres budget! Vores fleksible l\u00f8sninger sikrer, at I f\u00e5r den bedste oplevelse, uanset om det er en kort tur gennem byen eller en hel aften p\u00e5 vejene\" \/>\n<meta name=\"robots\" content=\"index, follow, max-snippet:-1, max-image-preview:large, max-video-preview:-1\" \/>\n<link rel=\"canonical\" href=\"https:\/\/lejpartybus.dk\/en\/terms-of-trade\/\" \/>\n<meta property=\"og:locale\" content=\"en_GB\" \/>\n<meta property=\"og:type\" content=\"article\" \/>\n<meta property=\"og:title\" content=\"Handelsbetingelser | Lej Partybus\" \/>\n<meta property=\"og:description\" content=\"F\u00e5 en uforglemmelig fest p\u00e5 hjul til en pris, der passer til jeres budget! Vores fleksible l\u00f8sninger sikrer, at I f\u00e5r den bedste oplevelse, uanset om det er en kort tur gennem byen eller en hel aften p\u00e5 vejene\" \/>\n<meta property=\"og:url\" content=\"https:\/\/lejpartybus.dk\/en\/terms-of-trade\/\" \/>\n<meta property=\"og:site_name\" content=\"Lej Partybus\" \/>\n<meta property=\"article:modified_time\" content=\"2026-03-24T12:50:06+00:00\" \/>\n<meta property=\"og:image\" content=\"https:\/\/lejpartybus.dk\/wp-content\/uploads\/2025\/09\/att.ECOaChL3nmTjgt0IApY9rOcaz4xYOrMqszDsSUdPYXM.jpg\" \/>\n\t<meta property=\"og:image:width\" content=\"1080\" \/>\n\t<meta property=\"og:image:height\" content=\"720\" \/>\n\t<meta property=\"og:image:type\" content=\"image\/jpeg\" \/>\n<meta name=\"twitter:card\" content=\"summary_large_image\" \/>\n<meta name=\"twitter:label1\" content=\"Estimated reading time\" \/>\n\t<meta name=\"twitter:data1\" content=\"3 minutes\" \/>\n<script type=\"application\/ld+json\" class=\"yoast-schema-graph\">{\"@context\":\"https:\/\/schema.org\",\"@graph\":[{\"@type\":\"WebPage\",\"@id\":\"https:\/\/lejpartybus.dk\/handelsbetingelser\/\",\"url\":\"https:\/\/lejpartybus.dk\/handelsbetingelser\/\",\"name\":\"Handelsbetingelser | Lej Partybus\",\"isPartOf\":{\"@id\":\"https:\/\/lejpartybus.dk\/#website\"},\"primaryImageOfPage\":{\"@id\":\"https:\/\/lejpartybus.dk\/handelsbetingelser\/#primaryimage\"},\"image\":{\"@id\":\"https:\/\/lejpartybus.dk\/handelsbetingelser\/#primaryimage\"},\"thumbnailUrl\":\"https:\/\/lejpartybus.dk\/wp-content\/uploads\/2025\/09\/att.ECOaChL3nmTjgt0IApY9rOcaz4xYOrMqszDsSUdPYXM.jpg\",\"datePublished\":\"2025-12-04T12:46:55+00:00\",\"dateModified\":\"2026-03-24T12:50:06+00:00\",\"description\":\"F\u00e5 en uforglemmelig fest p\u00e5 hjul til en pris, der passer til jeres budget! Vores fleksible l\u00f8sninger sikrer, at I f\u00e5r den bedste oplevelse, uanset om det er en kort tur gennem byen eller en hel aften p\u00e5 vejene\",\"breadcrumb\":{\"@id\":\"https:\/\/lejpartybus.dk\/handelsbetingelser\/#breadcrumb\"},\"inLanguage\":\"en-GB\",\"potentialAction\":[{\"@type\":\"ReadAction\",\"target\":[\"https:\/\/lejpartybus.dk\/handelsbetingelser\/\"]}]},{\"@type\":\"ImageObject\",\"inLanguage\":\"en-GB\",\"@id\":\"https:\/\/lejpartybus.dk\/handelsbetingelser\/#primaryimage\",\"url\":\"https:\/\/lejpartybus.dk\/wp-content\/uploads\/2025\/09\/att.ECOaChL3nmTjgt0IApY9rOcaz4xYOrMqszDsSUdPYXM.jpg\",\"contentUrl\":\"https:\/\/lejpartybus.dk\/wp-content\/uploads\/2025\/09\/att.ECOaChL3nmTjgt0IApY9rOcaz4xYOrMqszDsSUdPYXM.jpg\",\"width\":1080,\"height\":720},{\"@type\":\"BreadcrumbList\",\"@id\":\"https:\/\/lejpartybus.dk\/handelsbetingelser\/#breadcrumb\",\"itemListElement\":[{\"@type\":\"ListItem\",\"position\":1,\"name\":\"Hjem\",\"item\":\"https:\/\/lejpartybus.dk\/\"},{\"@type\":\"ListItem\",\"position\":2,\"name\":\"Handelsbetingelser\"}]},{\"@type\":\"WebSite\",\"@id\":\"https:\/\/lejpartybus.dk\/#website\",\"url\":\"https:\/\/lejpartybus.dk\/\",\"name\":\"Lej Partybus\",\"description\":\"Lej Partybus\",\"potentialAction\":[{\"@type\":\"SearchAction\",\"target\":{\"@type\":\"EntryPoint\",\"urlTemplate\":\"https:\/\/lejpartybus.dk\/?s={search_term_string}\"},\"query-input\":{\"@type\":\"PropertyValueSpecification\",\"valueRequired\":true,\"valueName\":\"search_term_string\"}}],\"inLanguage\":\"en-GB\"}]}<\/script>\n<!-- \/ Yoast SEO plugin. -->","yoast_head_json":{"title":"Terms and Conditions | Rent a Party Bus","description":"Have an unforgettable party on wheels at a price that fits your budget! Our flexible solutions ensure you get the best experience, whether it&#039;s a short trip through the city or a whole night on the road","robots":{"index":"index","follow":"follow","max-snippet":"max-snippet:-1","max-image-preview":"max-image-preview:large","max-video-preview":"max-video-preview:-1"},"canonical":"https:\/\/lejpartybus.dk\/en\/terms-of-trade\/","og_locale":"en_GB","og_type":"article","og_title":"Handelsbetingelser | Lej Partybus","og_description":"F\u00e5 en uforglemmelig fest p\u00e5 hjul til en pris, der passer til jeres budget! Vores fleksible l\u00f8sninger sikrer, at I f\u00e5r den bedste oplevelse, uanset om det er en kort tur gennem byen eller en hel aften p\u00e5 vejene","og_url":"https:\/\/lejpartybus.dk\/en\/terms-of-trade\/","og_site_name":"Lej Partybus","article_modified_time":"2026-03-24T12:50:06+00:00","og_image":[{"width":1080,"height":720,"url":"https:\/\/lejpartybus.dk\/wp-content\/uploads\/2025\/09\/att.ECOaChL3nmTjgt0IApY9rOcaz4xYOrMqszDsSUdPYXM.jpg","type":"image\/jpeg"}],"twitter_card":"summary_large_image","twitter_misc":{"Estimated reading time":"3 minutes"},"schema":{"@context":"https:\/\/schema.org","@graph":[{"@type":"WebPage","@id":"https:\/\/lejpartybus.dk\/handelsbetingelser\/","url":"https:\/\/lejpartybus.dk\/handelsbetingelser\/","name":"Terms and Conditions | Rent a Party Bus","isPartOf":{"@id":"https:\/\/lejpartybus.dk\/#website"},"primaryImageOfPage":{"@id":"https:\/\/lejpartybus.dk\/handelsbetingelser\/#primaryimage"},"image":{"@id":"https:\/\/lejpartybus.dk\/handelsbetingelser\/#primaryimage"},"thumbnailUrl":"https:\/\/lejpartybus.dk\/wp-content\/uploads\/2025\/09\/att.ECOaChL3nmTjgt0IApY9rOcaz4xYOrMqszDsSUdPYXM.jpg","datePublished":"2025-12-04T12:46:55+00:00","dateModified":"2026-03-24T12:50:06+00:00","description":"Have an unforgettable party on wheels at a price that fits your budget! Our flexible solutions ensure you get the best experience, whether it&#039;s a short trip through the city or a whole night on the road","breadcrumb":{"@id":"https:\/\/lejpartybus.dk\/handelsbetingelser\/#breadcrumb"},"inLanguage":"en-GB","potentialAction":[{"@type":"ReadAction","target":["https:\/\/lejpartybus.dk\/handelsbetingelser\/"]}]},{"@type":"ImageObject","inLanguage":"en-GB","@id":"https:\/\/lejpartybus.dk\/handelsbetingelser\/#primaryimage","url":"https:\/\/lejpartybus.dk\/wp-content\/uploads\/2025\/09\/att.ECOaChL3nmTjgt0IApY9rOcaz4xYOrMqszDsSUdPYXM.jpg","contentUrl":"https:\/\/lejpartybus.dk\/wp-content\/uploads\/2025\/09\/att.ECOaChL3nmTjgt0IApY9rOcaz4xYOrMqszDsSUdPYXM.jpg","width":1080,"height":720},{"@type":"BreadcrumbList","@id":"https:\/\/lejpartybus.dk\/handelsbetingelser\/#breadcrumb","itemListElement":[{"@type":"ListItem","position":1,"name":"Hjem","item":"https:\/\/lejpartybus.dk\/"},{"@type":"ListItem","position":2,"name":"Handelsbetingelser"}]},{"@type":"WebSite","@id":"https:\/\/lejpartybus.dk\/#website","url":"https:\/\/lejpartybus.dk\/","name":"Rent a party bus","description":"Rent a party bus","potentialAction":[{"@type":"SearchAction","target":{"@type":"EntryPoint","urlTemplate":"https:\/\/lejpartybus.dk\/?s={search_term_string}"},"query-input":{"@type":"PropertyValueSpecification","valueRequired":true,"valueName":"search_term_string"}}],"inLanguage":"en-GB"}]}},"_links":{"self":[{"href":"https:\/\/lejpartybus.dk\/en\/wp-json\/wp\/v2\/pages\/437","targetHints":{"allow":["GET"]}}],"collection":[{"href":"https:\/\/lejpartybus.dk\/en\/wp-json\/wp\/v2\/pages"}],"about":[{"href":"https:\/\/lejpartybus.dk\/en\/wp-json\/wp\/v2\/types\/page"}],"author":[{"embeddable":true,"href":"https:\/\/lejpartybus.dk\/en\/wp-json\/wp\/v2\/users\/2"}],"replies":[{"embeddable":true,"href":"https:\/\/lejpartybus.dk\/en\/wp-json\/wp\/v2\/comments?post=437"}],"version-history":[{"count":12,"href":"https:\/\/lejpartybus.dk\/en\/wp-json\/wp\/v2\/pages\/437\/revisions"}],"predecessor-version":[{"id":624,"href":"https:\/\/lejpartybus.dk\/en\/wp-json\/wp\/v2\/pages\/437\/revisions\/624"}],"wp:featuredmedia":[{"embeddable":true,"href":"https:\/\/lejpartybus.dk\/en\/wp-json\/wp\/v2\/media\/394"}],"wp:attachment":[{"href":"https:\/\/lejpartybus.dk\/en\/wp-json\/wp\/v2\/media?parent=437"}],"curies":[{"name":"wp","href":"https:\/\/api.w.org\/{rel}","templated":true}]}}