{"id":209,"date":"2025-01-31T14:42:25","date_gmt":"2025-01-31T13:42:25","guid":{"rendered":"https:\/\/lejpartybus.dk\/?page_id=209"},"modified":"2025-09-30T09:12:41","modified_gmt":"2025-09-30T07:12:41","slug":"contact-us","status":"publish","type":"page","link":"https:\/\/lejpartybus.dk\/en\/kontakt-os\/","title":{"rendered":"Contact us"},"content":{"rendered":"<div class=\"wpb-content-wrapper\"><div data-parent=\"true\" class=\"vc_row row-container\" id=\"row-unique-0\"><div class=\"row double-top-padding double-bottom-padding single-h-padding limit-width row-parent\"><div class=\"wpb_row row-inner\"><div class=\"wpb_column pos-top pos-center align_left column_parent col-lg-6 half-internal-gutter\"><div class=\"uncol style-light sticky-element sticky-sidebar\"  ><div class=\"uncoltable\"><div class=\"uncell no-block-padding\" ><div class=\"uncont\" ><div class=\"vc_custom_heading_wrap\"><div class=\"heading-text el-text\" ><h5 class=\"h5 text-accent-color\" ><span>LejPartybus.dk<\/span><\/h5><\/div><div class=\"clear\"><\/div><\/div><div class=\"vc_custom_heading_wrap\"><div class=\"heading-text el-text\" ><h2 class=\"h2\" ><span>Book now and let the party begin!<\/span><\/h2><\/div><div class=\"clear\"><\/div><\/div><div class=\"uncode_text_column\" ><p>Contact us today and learn more about how we can make your next party something special. With us, your party is just a call away!<br \/>\nUse the contact information below or the contact form on this page.<\/p>\n<p>Tel.: <a href=\"tel:+4541280428\">(+45) 41 28 04 28<\/a><br \/>\nEmail: <a href=\"mailto:lej@lejpartybus.dk\">lej@lejpartybus.dk<\/a><\/p>\n<p><strong>Would you like to purchase drinks? <a href=\"https:\/\/lejpartybus.dk\/en\/prices\/\">Read more here \u2192<\/a><\/strong><\/p>\n<\/div><div class=\"divider-wrapper\"  >\n    <hr class=\"unseparator separator-no-padding\"  \/>\n<\/div>\n<div class=\"empty-space empty-single\" ><span class=\"empty-space-inner\"><\/span><\/div>\n<div class=\"vc_custom_heading_wrap\"><div class=\"heading-text el-text\" ><h4 class=\"h4\" ><span>We drive to the following events, among others:<\/span><\/h4><\/div><div class=\"clear\"><\/div><\/div><div class=\"uncode-wrapper uncode-list\" >\n<ul class=\"icons\">\n<li><i class=\"fa fa-check2 text-accent-color\"><\/i>Birthdays<\/li>\n<li><i class=\"fa fa-check2 text-accent-color\"><\/i>Bachelorette Party<\/li>\n<li><i class=\"fa fa-check2 text-accent-color\"><\/i>Company parties<\/li>\n<li><i class=\"fa fa-check2 text-accent-color\"><\/i>Christmas lunch<\/li>\n<li><i class=\"fa fa-check2 text-accent-color\"><\/i>New Year&#039;s Eve parties<\/li>\n<li><i class=\"fa fa-check2 text-accent-color\"><\/i>Special events<\/li>\n<li><i class=\"fa fa-check2 text-accent-color\"><\/i>\u2026And much more<\/li>\n<\/ul>\n<\/div><\/div><\/div><\/div><\/div><\/div><div class=\"wpb_column pos-top pos-center align_left column_parent col-lg-6 half-internal-gutter\"><div class=\"uncol style-light\"  ><div class=\"uncoltable\"><div class=\"uncell single-block-padding style-color-lxmt-bg has-bg  unradius-std\" ><div class=\"uncont\" ><div class=\"vc_custom_heading_wrap\"><div class=\"heading-text el-text\" ><h3 class=\"h3\" ><span>Contact us or book the party bus below<\/span><\/h3><\/div><div class=\"clear\"><\/div><\/div><div class=\"uncode_text_column\" ><p>Fill out the form below and we will get back to you within 24 hours.<\/p>\n<\/div><div class=\"uncode_text_column\" ><div class=\"forminator-ui forminator-custom-form forminator-custom-form-148 forminator-design--default\" data-forminator-render=\"0\" data-form=\"forminator-module-148\" data-uid=\"69f5b79c2741f\"><br\/><\/div><form\r\n\t\t\t\tid=\"forminator-module-148\"\r\n\t\t\t\tclass=\"forminator-ui forminator-custom-form forminator-custom-form-148 forminator-design--default\"\r\n\t\t\t\tmethod=\"post\"\r\n\t\t\t\tdata-forminator-render=\"0\"\r\n\t\t\t\tdata-form-id=\"148\"\r\n\t\t\t\t data-color-option=\"theme\" data-design=\"default\" data-grid=\"open\" style=\"display: none;\"\r\n\t\t\t\tdata-uid=\"69f5b79c2741f\" action=\"\"\r\n\t\t\t><div role=\"alert\" aria-live=\"polite\" class=\"forminator-response-message forminator-error\" aria-hidden=\"true\"><\/div><div class=\"forminator-row\"><div id=\"name-1\" class=\"forminator-field-name forminator-col forminator-col-12\"><div class=\"forminator-field\"><label for=\"forminator-field-name-1_69f5b79c2741f\" id=\"forminator-field-name-1_69f5b79c2741f-label\" class=\"forminator-label\">Name <span class=\"forminator-required\">*<\/span><\/label><input type=\"text\" name=\"name-1\" value=\"\" placeholder=\"Your name\" id=\"forminator-field-name-1_69f5b79c2741f\" class=\"forminator-input forminator-name--field\" aria-required=\"true\" autocomplete=\"name\" \/><\/div><\/div><\/div><div class=\"forminator-row\"><div id=\"email-1\" class=\"forminator-field-email forminator-col forminator-col-12\"><div class=\"forminator-field\"><label for=\"forminator-field-email-1_69f5b79c2741f\" id=\"forminator-field-email-1_69f5b79c2741f-label\" class=\"forminator-label\">Email <span class=\"forminator-required\">*<\/span><\/label><input type=\"email\" name=\"email-1\" value=\"\" placeholder=\"Your email\" id=\"forminator-field-email-1_69f5b79c2741f\" class=\"forminator-input forminator-email--field\" data-required=\"1\" aria-required=\"true\" autocomplete=\"email\" \/><\/div><\/div><\/div><div class=\"forminator-row\"><div id=\"phone-1\" class=\"forminator-field-phone forminator-col forminator-col-12\"><div class=\"forminator-field\"><label for=\"forminator-field-phone-1_69f5b79c2741f\" id=\"forminator-field-phone-1_69f5b79c2741f-label\" class=\"forminator-label\">Telephone number<\/label><input type=\"text\" name=\"phone-1\" value=\"\" placeholder=\"Your phone number\" id=\"forminator-field-phone-1_69f5b79c2741f\" class=\"forminator-input forminator-field--phone\" data-required=\"\" aria-required=\"false\" autocomplete=\"off\" \/><\/div><\/div><\/div><div class=\"forminator-row\"><div id=\"date-1\" class=\"forminator-field-date forminator-col forminator-col-12\"><div class=\"forminator-field\"><label for=\"forminator-field-date-1-picker_69f5b79c2741f\" id=\"forminator-field-date-1-picker_69f5b79c2741f-label\" class=\"forminator-label\">Desired date<\/label><div class=\"forminator-input-with-icon\"><span class=\"forminator-icon-calendar\" aria-hidden=\"true\"><\/span><input autocomplete=\"off\" type=\"text\" size=\"1\" name=\"date-1\" value=\"\" placeholder=\"\" id=\"forminator-field-date-1-picker_69f5b79c2741f\" class=\"forminator-input forminator-datepicker\" data-required=\"\" data-format=\"dd-mm-yy\" data-restrict-type=\"\" data-restrict=\"\" data-start-year=\"1926\" data-end-year=\"2126\" data-past-dates=\"enable\" data-start-of-week=\"1\" data-start-date=\"\" data-end-date=\"\" data-start-field=\"\" data-end-field=\"\" data-start-offset=\"\" data-end-offset=\"\" data-disable-date=\"\" data-disable-range=\"\" \/><\/div><\/div><\/div><\/div><div class=\"forminator-row\"><div id=\"text-5\" class=\"forminator-field-text forminator-col forminator-col-12\"><div class=\"forminator-field\"><label for=\"forminator-field-text-5_69f5b79c2741f\" id=\"forminator-field-text-5_69f5b79c2741f-label\" class=\"forminator-label\">Desired time (hours)<\/label><input type=\"text\" name=\"text-5\" value=\"\" placeholder=\"Time of driving e.g. 6:00 PM to 11:00 PM\" id=\"forminator-field-text-5_69f5b79c2741f\" class=\"forminator-input forminator-name--field\" data-required=\"\" \/><\/div><\/div><\/div><div class=\"forminator-row\"><div id=\"text-1\" class=\"forminator-field-text forminator-col forminator-col-12\"><div class=\"forminator-field\"><label for=\"forminator-field-text-1_69f5b79c2741f\" id=\"forminator-field-text-1_69f5b79c2741f-label\" class=\"forminator-label\">Desired starting address<\/label><input type=\"text\" name=\"text-1\" value=\"\" placeholder=\"Desired starting address\" id=\"forminator-field-text-1_69f5b79c2741f\" class=\"forminator-input forminator-name--field\" data-required=\"\" \/><\/div><\/div><\/div><div class=\"forminator-row\"><div id=\"text-2\" class=\"forminator-field-text forminator-col forminator-col-12\"><div class=\"forminator-field\"><label for=\"forminator-field-text-2_69f5b79c2741f\" id=\"forminator-field-text-2_69f5b79c2741f-label\" class=\"forminator-label\">Desired end address<\/label><input type=\"text\" name=\"text-2\" value=\"\" placeholder=\"Desired end address\" id=\"forminator-field-text-2_69f5b79c2741f\" class=\"forminator-input forminator-name--field\" data-required=\"\" \/><\/div><\/div><\/div><div class=\"forminator-row\"><div id=\"text-4\" class=\"forminator-field-text forminator-col forminator-col-12\"><div class=\"forminator-field\"><label for=\"forminator-field-text-4_69f5b79c2741f\" id=\"forminator-field-text-4_69f5b79c2741f-label\" class=\"forminator-label\">What type of party?<\/label><input type=\"text\" name=\"text-4\" value=\"\" placeholder=\"Bachelor party? City trip? Birthday? Other?\" id=\"forminator-field-text-4_69f5b79c2741f\" class=\"forminator-input forminator-name--field\" data-required=\"\" \/><\/div><\/div><\/div><div class=\"forminator-row\"><div id=\"number-1\" class=\"forminator-field-number forminator-col forminator-col-12\"><div class=\"forminator-field\"><label for=\"forminator-field-number-1_69f5b79c2741f\" id=\"forminator-field-number-1_69f5b79c2741f-label\" class=\"forminator-label\">Number of people<\/label><input name=\"number-1\" value=\"\" placeholder=\"\" id=\"forminator-field-number-1_69f5b79c2741f\" class=\"forminator-input forminator-number--field\" inputmode=\"decimal\" data-required=\"\" data-decimals=\"0\" aria-required=\"false\" data-inputmask=\"&#039;groupSeparator&#039;: &#039;&#039;, &#039;radixPoint&#039;: &#039;&#039;, &#039;digits&#039;: &#039;0&#039;\" data-hidden-behavior=\"zero\" type=\"number\" step=\"any\" min=\"1\" max=\"150\" \/><\/div><\/div><\/div><div class=\"forminator-row\"><div id=\"textarea-1\" class=\"forminator-field-textarea forminator-col forminator-col-12\"><div class=\"forminator-field\"><label for=\"forminator-field-textarea-1_69f5b79c2741f\" id=\"forminator-field-textarea-1_69f5b79c2741f-label\" class=\"forminator-label\">Any message?<\/label><textarea name=\"textarea-1\" placeholder=\"Any message?\" id=\"forminator-field-textarea-1_69f5b79c2741f\" class=\"forminator-textarea\" rows=\"6\" style=\"--forminator-textarea-min-height:140px;\" ><\/textarea><\/div><\/div><\/div><div class=\"forminator-row\"><div id=\"consent-1\" class=\"forminator-field-consent forminator-col forminator-col-12\"><div class=\"forminator-field\"><label for=\"forminator-field-consent-1_69f5b79c2741f\" id=\"forminator-field-consent-1_69f5b79c2741f-label\" class=\"forminator-label\">GDPR <span class=\"forminator-required\">*<\/span><\/label><div class=\"forminator-checkbox__wrapper\"><label id=\"forminator-field-consent-1_69f5b79c2741f__label\" class=\"forminator-checkbox forminator-consent\"><input type=\"checkbox\" name=\"consent-1\" id=\"forminator-field-consent-1_69f5b79c2741f\" value=\"checked\" aria-labelledby=\"forminator-field-consent-1_69f5b79c2741f-label\" aria-describedby=\"forminator-field-consent-1_69f5b79c2741f__description\" data-required=\"true\" aria-required=\"true\" \/><span class=\"forminator-checkbox-box\" aria-hidden=\"true\"><\/span><\/label><div id=\"forminator-field-consent-1_69f5b79c2741f__description\" class=\"forminator-checkbox__label forminator-consent__label\"><p>Yes, I agree that LejPartybus saves the entered data. Read more in our <a rel=\"noopener\" target=\"_blank\" href=\"https:\/\/lejpartybus.dk\/en\/privacy-policy\/\">privacy policy<\/a>.<\/p><\/div><\/div><\/div><\/div><\/div><div class=\"forminator-row\"><div id=\"captcha-1\" class=\"forminator-field-captcha forminator-col forminator-col-12\"><div class=\"forminator-captcha-left forminator-g-recaptcha recaptcha-invisible\" data-theme=\"light\" data-badge=\"inline\" data-sitekey=\"6LeFoscUAAAAAMPK7vvqiYi27shu9JEQ5pp6AvQt\" data-size=\"invisible\"><\/div> <\/div><\/div><input type=\"hidden\" name=\"referer_url\" value=\"\" \/><div class=\"forminator-row forminator-row-last\"><div class=\"forminator-col\"><div class=\"forminator-field\"><button class=\"forminator-button forminator-button-submit\">Send message<\/button><\/div><\/div><\/div><input type=\"hidden\" id=\"forminator_nonce\" name=\"forminator_nonce\" value=\"50a71f5b19\" \/><input type=\"hidden\" name=\"_wp_http_referer\" value=\"\/en\/wp-json\/wp\/v2\/pages\/209\" \/><input type=\"hidden\" name=\"form_id\" value=\"148\"><input type=\"hidden\" name=\"page_id\" value=\"209\"><input type=\"hidden\" name=\"form_type\" value=\"default\"><input type=\"hidden\" name=\"current_url\" value=\"https:\/\/lejpartybus.dk\/en\/kontakt-os\/\"><input type=\"hidden\" name=\"render_id\" value=\"0\"><input type=\"hidden\" name=\"action\" value=\"forminator_submit_form_custom-forms\"><label for=\"input_12\" class=\"forminator-hidden\" aria-hidden=\"true\">Please do not fill in this field. <input id=\"input_12\" type=\"text\" name=\"input_12\" value=\"\" autocomplete=\"off\"><\/label><input type=\"hidden\" name=\"trp-form-language\" value=\"en\"\/><\/form>\n<\/div><\/div><\/div><\/div><\/div><\/div><script id=\"script-row-unique-0\" data-row=\"script-row-unique-0\" type=\"text\/javascript\" class=\"vc_controls\">UNCODE.initRow(document.getElementById(\"row-unique-0\"));<\/script><\/div><\/div><\/div>\n<\/div>","protected":false},"excerpt":{"rendered":"<p>If you have any questions or would like to book the party bus, please contact us using the contact information below or use the form below.<\/p>","protected":false},"author":1,"featured_media":86,"parent":0,"menu_order":0,"comment_status":"closed","ping_status":"closed","template":"","meta":{"footnotes":""},"class_list":["post-209","page","type-page","status-publish","has-post-thumbnail","hentry"],"yoast_head":"<!-- This site is optimized with the Yoast SEO plugin v27.5 - https:\/\/yoast.com\/product\/yoast-seo-wordpress\/ -->\n<title>Kontakt os | Lej Partybus<\/title>\n<meta name=\"robots\" content=\"index, follow, max-snippet:-1, max-image-preview:large, max-video-preview:-1\" \/>\n<link rel=\"canonical\" href=\"https:\/\/lejpartybus.dk\/en\/contact-us\/\" \/>\n<meta property=\"og:locale\" content=\"en_GB\" \/>\n<meta property=\"og:type\" content=\"article\" \/>\n<meta property=\"og:title\" content=\"Kontakt os | Lej Partybus\" \/>\n<meta property=\"og:description\" content=\"Har du sp\u00f8rgsm\u00e5l eller \u00f8nsker du at booke partybussen? Kontakt os endelig p\u00e5 nedenst\u00e5ende kontaktinformationer eller benyt formularen herunder.\" \/>\n<meta property=\"og:url\" content=\"https:\/\/lejpartybus.dk\/en\/contact-us\/\" \/>\n<meta property=\"og:site_name\" content=\"Lej Partybus\" \/>\n<meta property=\"article:modified_time\" content=\"2025-09-30T07:12:41+00:00\" \/>\n<meta property=\"og:image\" content=\"https:\/\/lejpartybus.dk\/wp-content\/uploads\/2025\/01\/videobanner.jpg\" \/>\n\t<meta property=\"og:image:width\" content=\"1752\" \/>\n\t<meta property=\"og:image:height\" content=\"1010\" \/>\n\t<meta property=\"og:image:type\" content=\"image\/jpeg\" \/>\n<meta name=\"twitter:card\" content=\"summary_large_image\" \/>\n<meta name=\"twitter:label1\" content=\"Estimated reading time\" \/>\n\t<meta name=\"twitter:data1\" content=\"2 minutes\" \/>\n<script type=\"application\/ld+json\" class=\"yoast-schema-graph\">{\"@context\":\"https:\\\/\\\/schema.org\",\"@graph\":[{\"@type\":\"WebPage\",\"@id\":\"https:\\\/\\\/lejpartybus.dk\\\/kontakt-os\\\/\",\"url\":\"https:\\\/\\\/lejpartybus.dk\\\/kontakt-os\\\/\",\"name\":\"Kontakt os | Lej Partybus\",\"isPartOf\":{\"@id\":\"https:\\\/\\\/lejpartybus.dk\\\/#website\"},\"primaryImageOfPage\":{\"@id\":\"https:\\\/\\\/lejpartybus.dk\\\/kontakt-os\\\/#primaryimage\"},\"image\":{\"@id\":\"https:\\\/\\\/lejpartybus.dk\\\/kontakt-os\\\/#primaryimage\"},\"thumbnailUrl\":\"https:\\\/\\\/lejpartybus.dk\\\/wp-content\\\/uploads\\\/2025\\\/01\\\/videobanner.jpg\",\"datePublished\":\"2025-01-31T13:42:25+00:00\",\"dateModified\":\"2025-09-30T07:12:41+00:00\",\"breadcrumb\":{\"@id\":\"https:\\\/\\\/lejpartybus.dk\\\/kontakt-os\\\/#breadcrumb\"},\"inLanguage\":\"en-GB\",\"potentialAction\":[{\"@type\":\"ReadAction\",\"target\":[\"https:\\\/\\\/lejpartybus.dk\\\/kontakt-os\\\/\"]}]},{\"@type\":\"ImageObject\",\"inLanguage\":\"en-GB\",\"@id\":\"https:\\\/\\\/lejpartybus.dk\\\/kontakt-os\\\/#primaryimage\",\"url\":\"https:\\\/\\\/lejpartybus.dk\\\/wp-content\\\/uploads\\\/2025\\\/01\\\/videobanner.jpg\",\"contentUrl\":\"https:\\\/\\\/lejpartybus.dk\\\/wp-content\\\/uploads\\\/2025\\\/01\\\/videobanner.jpg\",\"width\":1752,\"height\":1010},{\"@type\":\"BreadcrumbList\",\"@id\":\"https:\\\/\\\/lejpartybus.dk\\\/kontakt-os\\\/#breadcrumb\",\"itemListElement\":[{\"@type\":\"ListItem\",\"position\":1,\"name\":\"Hjem\",\"item\":\"https:\\\/\\\/lejpartybus.dk\\\/\"},{\"@type\":\"ListItem\",\"position\":2,\"name\":\"Kontakt os\"}]},{\"@type\":\"WebSite\",\"@id\":\"https:\\\/\\\/lejpartybus.dk\\\/#website\",\"url\":\"https:\\\/\\\/lejpartybus.dk\\\/\",\"name\":\"Lej Partybus\",\"description\":\"Lej Partybus\",\"potentialAction\":[{\"@type\":\"SearchAction\",\"target\":{\"@type\":\"EntryPoint\",\"urlTemplate\":\"https:\\\/\\\/lejpartybus.dk\\\/?s={search_term_string}\"},\"query-input\":{\"@type\":\"PropertyValueSpecification\",\"valueRequired\":true,\"valueName\":\"search_term_string\"}}],\"inLanguage\":\"en-GB\"}]}<\/script>\n<!-- \/ Yoast SEO plugin. -->","yoast_head_json":{"title":"Contact us | Rent a Party Bus","robots":{"index":"index","follow":"follow","max-snippet":"max-snippet:-1","max-image-preview":"max-image-preview:large","max-video-preview":"max-video-preview:-1"},"canonical":"https:\/\/lejpartybus.dk\/en\/contact-us\/","og_locale":"en_GB","og_type":"article","og_title":"Kontakt os | Lej Partybus","og_description":"Har du sp\u00f8rgsm\u00e5l eller \u00f8nsker du at booke partybussen? Kontakt os endelig p\u00e5 nedenst\u00e5ende kontaktinformationer eller benyt formularen herunder.","og_url":"https:\/\/lejpartybus.dk\/en\/contact-us\/","og_site_name":"Lej Partybus","article_modified_time":"2025-09-30T07:12:41+00:00","og_image":[{"width":1752,"height":1010,"url":"https:\/\/lejpartybus.dk\/wp-content\/uploads\/2025\/01\/videobanner.jpg","type":"image\/jpeg"}],"twitter_card":"summary_large_image","twitter_misc":{"Estimated reading time":"2 minutes"},"schema":{"@context":"https:\/\/schema.org","@graph":[{"@type":"WebPage","@id":"https:\/\/lejpartybus.dk\/kontakt-os\/","url":"https:\/\/lejpartybus.dk\/kontakt-os\/","name":"Contact us | Rent a Party Bus","isPartOf":{"@id":"https:\/\/lejpartybus.dk\/#website"},"primaryImageOfPage":{"@id":"https:\/\/lejpartybus.dk\/kontakt-os\/#primaryimage"},"image":{"@id":"https:\/\/lejpartybus.dk\/kontakt-os\/#primaryimage"},"thumbnailUrl":"https:\/\/lejpartybus.dk\/wp-content\/uploads\/2025\/01\/videobanner.jpg","datePublished":"2025-01-31T13:42:25+00:00","dateModified":"2025-09-30T07:12:41+00:00","breadcrumb":{"@id":"https:\/\/lejpartybus.dk\/kontakt-os\/#breadcrumb"},"inLanguage":"en-GB","potentialAction":[{"@type":"ReadAction","target":["https:\/\/lejpartybus.dk\/kontakt-os\/"]}]},{"@type":"ImageObject","inLanguage":"en-GB","@id":"https:\/\/lejpartybus.dk\/kontakt-os\/#primaryimage","url":"https:\/\/lejpartybus.dk\/wp-content\/uploads\/2025\/01\/videobanner.jpg","contentUrl":"https:\/\/lejpartybus.dk\/wp-content\/uploads\/2025\/01\/videobanner.jpg","width":1752,"height":1010},{"@type":"BreadcrumbList","@id":"https:\/\/lejpartybus.dk\/kontakt-os\/#breadcrumb","itemListElement":[{"@type":"ListItem","position":1,"name":"Hjem","item":"https:\/\/lejpartybus.dk\/"},{"@type":"ListItem","position":2,"name":"Kontakt os"}]},{"@type":"WebSite","@id":"https:\/\/lejpartybus.dk\/#website","url":"https:\/\/lejpartybus.dk\/","name":"Rent a party bus","description":"Rent a party bus","potentialAction":[{"@type":"SearchAction","target":{"@type":"EntryPoint","urlTemplate":"https:\/\/lejpartybus.dk\/?s={search_term_string}"},"query-input":{"@type":"PropertyValueSpecification","valueRequired":true,"valueName":"search_term_string"}}],"inLanguage":"en-GB"}]}},"_links":{"self":[{"href":"https:\/\/lejpartybus.dk\/en\/wp-json\/wp\/v2\/pages\/209","targetHints":{"allow":["GET"]}}],"collection":[{"href":"https:\/\/lejpartybus.dk\/en\/wp-json\/wp\/v2\/pages"}],"about":[{"href":"https:\/\/lejpartybus.dk\/en\/wp-json\/wp\/v2\/types\/page"}],"author":[{"embeddable":true,"href":"https:\/\/lejpartybus.dk\/en\/wp-json\/wp\/v2\/users\/1"}],"replies":[{"embeddable":true,"href":"https:\/\/lejpartybus.dk\/en\/wp-json\/wp\/v2\/comments?post=209"}],"version-history":[{"count":5,"href":"https:\/\/lejpartybus.dk\/en\/wp-json\/wp\/v2\/pages\/209\/revisions"}],"predecessor-version":[{"id":331,"href":"https:\/\/lejpartybus.dk\/en\/wp-json\/wp\/v2\/pages\/209\/revisions\/331"}],"wp:featuredmedia":[{"embeddable":true,"href":"https:\/\/lejpartybus.dk\/en\/wp-json\/wp\/v2\/media\/86"}],"wp:attachment":[{"href":"https:\/\/lejpartybus.dk\/en\/wp-json\/wp\/v2\/media?parent=209"}],"curies":[{"name":"wp","href":"https:\/\/api.w.org\/{rel}","templated":true}]}}