{"id":205,"date":"2025-01-31T14:41:58","date_gmt":"2025-01-31T13:41:58","guid":{"rendered":"https:\/\/lejpartybus.dk\/?page_id=205"},"modified":"2026-02-19T14:00:14","modified_gmt":"2026-02-19T13:00:14","slug":"prices","status":"publish","type":"page","link":"https:\/\/lejpartybus.dk\/en\/priser\/","title":{"rendered":"Prices"},"content":{"rendered":"<div class=\"wpb-content-wrapper\"><div data-parent=\"true\" class=\"vc_row row-container\" id=\"row-unique-0\"><div class=\"row double-top-padding single-bottom-padding single-h-padding limit-width row-parent\"><div class=\"wpb_row row-inner\"><div class=\"wpb_column pos-top pos-center align_center column_parent col-lg-12 half-internal-gutter\"><div class=\"uncol style-light\"  ><div class=\"uncoltable\"><div class=\"uncell no-block-padding\" ><div class=\"uncont\" ><div class=\"vc_custom_heading_wrap\"><div class=\"heading-text el-text\" ><h2 class=\"h2\" ><span>Prices for city centre driving in Copenhagen and East Jutland<\/span><\/h2><\/div><div class=\"clear\"><\/div><\/div><div class=\"uncode_text_column text-lead\" ><p>From 4,500 DKK for the first hour. Then from 1,000 to 1,500 DKK per hour.<\/p>\n<\/div><span class=\"btn-container\" ><a role=\"button\"  href=\"https:\/\/lejpartybus.dk\/en\/rent-a-party-bus-on-zealand\/\" class=\"custom-link btn border-width-0 btn-accent btn-flat btn-no-scale btn-icon-left\" title=\"Rent a party bus on Zealand\">Rent a party bus on Zealand<\/a><\/span><span class=\"btn-container\" ><a role=\"button\"  href=\"https:\/\/lejpartybus.dk\/en\/rent-a-party-bus-in-east-jutland\/\" class=\"custom-link btn border-width-0 btn-accent btn-flat btn-no-scale btn-icon-left\" title=\"Rent a party bus in East Jutland\">Rent a party bus in East Jutland<\/a><\/span><div class=\"empty-space empty-double\" ><span class=\"empty-space-inner\"><\/span><\/div>\n<div class=\"divider-wrapper\"  >\n    <hr class=\"unseparator separator-no-padding\"  \/>\n<\/div>\n<\/div><\/div><\/div><\/div><\/div><script id=\"script-row-unique-0\" data-row=\"script-row-unique-0\" type=\"text\/javascript\" class=\"vc_controls\">UNCODE.initRow(document.getElementById(\"row-unique-0\"));<\/script><\/div><\/div><\/div><div data-parent=\"true\" class=\"vc_row row-container onepage-section\" data-label=\"drikkevarer\" data-name=\"drikkevarer\" id=\"row-unique-2\"><div class=\"row limit-width row-parent\"><div class=\"wpb_row row-inner\"><div class=\"wpb_column pos-top pos-center align_left column_parent col-lg-12 half-internal-gutter\"><div class=\"uncol style-light\"  ><div class=\"uncoltable\"><div class=\"uncell\" ><div class=\"uncont no-block-padding col-custom-width\" style=\" max-width:996px;\" ><div class=\"uncode_text_column\" ><p><strong>Refreshments on board \u2013 tailored to your needs<\/strong><\/p>\n<p>We offer flexible solutions for drinks on board our party bus, so you get exactly the party experience you want. Whether you bring your own drinks or let us take care of everything (note that it is not possible to purchase drinks in East Jutland), we make sure it is easy and convenient for you!<\/p>\n<p>&nbsp;<\/p>\n<p><strong>Bring your own drinks<br \/>\n<\/strong>You are free to bring your own drinks on board. Just remember glasses, ice, straws and whatever else you need for the party.<\/p>\n<p>For safety reasons, we recommend avoiding glass bottles \u2013 cans are a much better choice!<\/p>\n<p>If you want extra help, you can hire a host on board who can take care of music, handling drinks, cleaning up and much more.<\/p>\n<p>&nbsp;<\/p>\n<p><strong>We are responsible for the drinks (note this is not possible in East Jutland)<br \/>\n<\/strong>Would you prefer us to take care of the drinks for you? We&#039;ll make sure everything is ready and in place when you board, so you can just focus on partying and having fun!<\/p>\n<p>Drinks can be ordered during the booking process or by sending us a message afterwards.<\/p>\n<p><strong><br \/>\nOur selection of drinks and prices:<\/strong><\/p>\n<p>Beer, Sommersby, Mokai etc. 470 DKK per box.<\/p>\n<p><strong><br \/>\nDrink packages:<\/strong><\/p>\n<ul>\n<li><span style=\"font-family: -apple-system, BlinkMacSystemFont, 'Segoe UI', Roboto, Oxygen-Sans, Ubuntu, Cantarell, 'Helvetica Neue', sans-serif;\">Gin Hass blended: DKK 1,200 per bottle.<\/span><\/li>\n<li><span style=\"font-family: -apple-system, BlinkMacSystemFont, 'Segoe UI', Roboto, Oxygen-Sans, Ubuntu, Cantarell, 'Helvetica Neue', sans-serif;\">Gin and Tonic mixed: DKK 1,000 per bottle.<\/span><\/li>\n<li><span style=\"font-family: -apple-system, BlinkMacSystemFont, 'Segoe UI', Roboto, Oxygen-Sans, Ubuntu, Cantarell, 'Helvetica Neue', sans-serif;\">Vodka 70 cl. and 13 pcs. Redbull: 1,000 kr.<\/span><\/li>\n<li><span style=\"font-family: -apple-system, BlinkMacSystemFont, 'Segoe UI', Roboto, Oxygen-Sans, Ubuntu, Cantarell, 'Helvetica Neue', sans-serif;\">Belvedere Magnum 175 cl. with 24 pcs. Redbull: DKK 2,500.<\/span><\/li>\n<li><span style=\"font-family: -apple-system, BlinkMacSystemFont, 'Segoe UI', Roboto, Oxygen-Sans, Ubuntu, Cantarell, 'Helvetica Neue', sans-serif;\">Belvedere Magnum 3 ltr. with 40 pcs. Redbull: DKK 6,000.<\/span><\/li>\n<li><span style=\"font-family: -apple-system, BlinkMacSystemFont, 'Segoe UI', Roboto, Oxygen-Sans, Ubuntu, Cantarell, 'Helvetica Neue', sans-serif;\">Bubbles (1 bottle): 250 kr.<\/span><\/li>\n<li><span style=\"font-family: -apple-system, BlinkMacSystemFont, 'Segoe UI', Roboto, Oxygen-Sans, Ubuntu, Cantarell, 'Helvetica Neue', sans-serif;\">Bubbles (6 bottles): 1,000 kr.<\/span><\/li>\n<\/ul>\n<p>We naturally only offer quality brands in beverages.<\/p>\n<p>The price includes a host who will help you with music, drinks and light cleanup along the way.<\/p>\n<p>Order drinks or add requests under &quot;Any message&quot; when booking or via email afterwards.<\/p>\n<\/div><\/div><\/div><\/div><\/div><\/div><script id=\"script-row-unique-2\" data-row=\"script-row-unique-2\" type=\"text\/javascript\" class=\"vc_controls\">UNCODE.initRow(document.getElementById(\"row-unique-2\"));<\/script><\/div><\/div><\/div><div data-parent=\"true\" class=\"vc_row row-container\" id=\"row-unique-3\"><div class=\"row limit-width row-parent\"><div class=\"wpb_row row-inner\"><div class=\"wpb_column pos-top pos-center align_left column_parent col-lg-12 single-internal-gutter\"><div class=\"uncol style-light\"  ><div class=\"uncoltable\"><div class=\"uncell no-block-padding\" ><div class=\"uncont\" ><div class=\"uncode-single-media  text-left\"><div class=\"single-wrapper\" style=\"max-width: 100%;\"><div class=\"tmb tmb-light  img-round img-round-std tmb-media-first tmb-media-last tmb-content-overlay tmb-no-bg\"><div class=\"t-inside\"><div class=\"t-entry-visual\"><div class=\"t-entry-visual-tc\"><div class=\"uncode-single-media-wrapper img-round img-round-std\"><img decoding=\"async\" class=\"wp-image-433\" src=\"https:\/\/lejpartybus.dk\/wp-content\/smush-webp\/2025\/11\/IMG_6004_redigeret-scaled.jpg.webp\" width=\"1920\" height=\"2560\" alt=\"\" srcset=\"https:\/\/lejpartybus.dk\/wp-content\/smush-webp\/2025\/11\/IMG_6004_redigeret-scaled.jpg.webp 1920w, https:\/\/lejpartybus.dk\/wp-content\/smush-webp\/2025\/11\/IMG_6004_redigeret-225x300.jpg.webp 225w, https:\/\/lejpartybus.dk\/wp-content\/smush-webp\/2025\/11\/IMG_6004_redigeret-768x1024.jpg.webp 768w, https:\/\/lejpartybus.dk\/wp-content\/smush-webp\/2025\/11\/IMG_6004_redigeret-1152x1536.jpg.webp 1152w, https:\/\/lejpartybus.dk\/wp-content\/smush-webp\/2025\/11\/IMG_6004_redigeret-1536x2048.jpg.webp 1536w, https:\/\/lejpartybus.dk\/wp-content\/smush-webp\/2025\/11\/IMG_6004_redigeret-9x12.jpg.webp 9w, https:\/\/lejpartybus.dk\/wp-content\/smush-webp\/2025\/11\/IMG_6004_redigeret-350x467.jpg.webp 350w, https:\/\/lejpartybus.dk\/wp-content\/uploads\/2025\/11\/IMG_6004_redigeret-scaled-uai-720x960.jpg 720w, https:\/\/lejpartybus.dk\/wp-content\/uploads\/2025\/11\/IMG_6004_redigeret-scaled-uai-1032x1376.jpg 1032w\" sizes=\"(max-width: 1920px) 100vw, 1920px\" data-smush-webp-fallback=\"{&quot;src&quot;:&quot;https:\\\/\\\/lejpartybus.dk\\\/wp-content\\\/uploads\\\/2025\\\/11\\\/IMG_6004_redigeret-scaled.jpg&quot;,&quot;srcset&quot;:&quot;https:\\\/\\\/lejpartybus.dk\\\/wp-content\\\/uploads\\\/2025\\\/11\\\/IMG_6004_redigeret-scaled.jpg 1920w, https:\\\/\\\/lejpartybus.dk\\\/wp-content\\\/uploads\\\/2025\\\/11\\\/IMG_6004_redigeret-225x300.jpg 225w, https:\\\/\\\/lejpartybus.dk\\\/wp-content\\\/uploads\\\/2025\\\/11\\\/IMG_6004_redigeret-768x1024.jpg 768w, https:\\\/\\\/lejpartybus.dk\\\/wp-content\\\/uploads\\\/2025\\\/11\\\/IMG_6004_redigeret-1152x1536.jpg 1152w, https:\\\/\\\/lejpartybus.dk\\\/wp-content\\\/uploads\\\/2025\\\/11\\\/IMG_6004_redigeret-1536x2048.jpg 1536w, https:\\\/\\\/lejpartybus.dk\\\/wp-content\\\/uploads\\\/2025\\\/11\\\/IMG_6004_redigeret-9x12.jpg 9w, https:\\\/\\\/lejpartybus.dk\\\/wp-content\\\/uploads\\\/2025\\\/11\\\/IMG_6004_redigeret-350x467.jpg 350w, https:\\\/\\\/lejpartybus.dk\\\/wp-content\\\/uploads\\\/2025\\\/11\\\/IMG_6004_redigeret-scaled-uai-720x960.jpg 720w, https:\\\/\\\/lejpartybus.dk\\\/wp-content\\\/uploads\\\/2025\\\/11\\\/IMG_6004_redigeret-scaled-uai-1032x1376.jpg 1032w&quot;}\" \/><\/div>\n\t\t\t\t\t<\/div>\n\t\t\t\t<\/div><\/div><\/div><\/div><\/div><\/div><\/div><\/div><\/div><\/div><script id=\"script-row-unique-3\" data-row=\"script-row-unique-3\" type=\"text\/javascript\" class=\"vc_controls\">UNCODE.initRow(document.getElementById(\"row-unique-3\"));<\/script><\/div><\/div><\/div>\n<\/div>","protected":false},"excerpt":{"rendered":"<p>Get an unforgettable party on wheels at a price that fits your budget! Our flexible solutions ensure you get the best experience, whether it&#039;s a short trip through the city or a whole night on the road. See our prices below.<\/p>","protected":false},"author":1,"featured_media":394,"parent":0,"menu_order":0,"comment_status":"closed","ping_status":"closed","template":"","meta":{"footnotes":""},"class_list":["post-205","page","type-page","status-publish","has-post-thumbnail","hentry"],"yoast_head":"<!-- This site is optimized with the Yoast SEO plugin v27.2 - https:\/\/yoast.com\/product\/yoast-seo-wordpress\/ -->\n<title>Priser | Lej Partybus<\/title>\n<meta name=\"robots\" content=\"index, follow, max-snippet:-1, max-image-preview:large, max-video-preview:-1\" \/>\n<link rel=\"canonical\" href=\"https:\/\/lejpartybus.dk\/en\/prices\/\" \/>\n<meta property=\"og:locale\" content=\"en_GB\" \/>\n<meta property=\"og:type\" content=\"article\" \/>\n<meta property=\"og:title\" content=\"Priser | Lej Partybus\" \/>\n<meta property=\"og:description\" content=\"F\u00e5 en uforglemmelig fest p\u00e5 hjul til en pris, der passer til jeres budget! Vores fleksible l\u00f8sninger sikrer, at I f\u00e5r den bedste oplevelse, uanset om det er en kort tur gennem byen eller en hel aften p\u00e5 vejene. Se vores priser herunder.\" \/>\n<meta property=\"og:url\" content=\"https:\/\/lejpartybus.dk\/en\/prices\/\" \/>\n<meta property=\"og:site_name\" content=\"Lej Partybus\" \/>\n<meta property=\"article:modified_time\" content=\"2026-02-19T13:00:14+00:00\" \/>\n<meta property=\"og:image\" content=\"https:\/\/lejpartybus.dk\/wp-content\/uploads\/2025\/09\/att.ECOaChL3nmTjgt0IApY9rOcaz4xYOrMqszDsSUdPYXM.jpg\" \/>\n\t<meta property=\"og:image:width\" content=\"1080\" \/>\n\t<meta property=\"og:image:height\" content=\"720\" \/>\n\t<meta property=\"og:image:type\" content=\"image\/jpeg\" \/>\n<meta name=\"twitter:card\" content=\"summary_large_image\" \/>\n<meta name=\"twitter:label1\" content=\"Estimated reading time\" \/>\n\t<meta name=\"twitter:data1\" content=\"1 minute\" \/>\n<script type=\"application\/ld+json\" class=\"yoast-schema-graph\">{\"@context\":\"https:\/\/schema.org\",\"@graph\":[{\"@type\":\"WebPage\",\"@id\":\"https:\/\/lejpartybus.dk\/priser\/\",\"url\":\"https:\/\/lejpartybus.dk\/priser\/\",\"name\":\"Priser | Lej Partybus\",\"isPartOf\":{\"@id\":\"https:\/\/lejpartybus.dk\/#website\"},\"primaryImageOfPage\":{\"@id\":\"https:\/\/lejpartybus.dk\/priser\/#primaryimage\"},\"image\":{\"@id\":\"https:\/\/lejpartybus.dk\/priser\/#primaryimage\"},\"thumbnailUrl\":\"https:\/\/lejpartybus.dk\/wp-content\/uploads\/2025\/09\/att.ECOaChL3nmTjgt0IApY9rOcaz4xYOrMqszDsSUdPYXM.jpg\",\"datePublished\":\"2025-01-31T13:41:58+00:00\",\"dateModified\":\"2026-02-19T13:00:14+00:00\",\"breadcrumb\":{\"@id\":\"https:\/\/lejpartybus.dk\/priser\/#breadcrumb\"},\"inLanguage\":\"en-GB\",\"potentialAction\":[{\"@type\":\"ReadAction\",\"target\":[\"https:\/\/lejpartybus.dk\/priser\/\"]}]},{\"@type\":\"ImageObject\",\"inLanguage\":\"en-GB\",\"@id\":\"https:\/\/lejpartybus.dk\/priser\/#primaryimage\",\"url\":\"https:\/\/lejpartybus.dk\/wp-content\/uploads\/2025\/09\/att.ECOaChL3nmTjgt0IApY9rOcaz4xYOrMqszDsSUdPYXM.jpg\",\"contentUrl\":\"https:\/\/lejpartybus.dk\/wp-content\/uploads\/2025\/09\/att.ECOaChL3nmTjgt0IApY9rOcaz4xYOrMqszDsSUdPYXM.jpg\",\"width\":1080,\"height\":720},{\"@type\":\"BreadcrumbList\",\"@id\":\"https:\/\/lejpartybus.dk\/priser\/#breadcrumb\",\"itemListElement\":[{\"@type\":\"ListItem\",\"position\":1,\"name\":\"Hjem\",\"item\":\"https:\/\/lejpartybus.dk\/\"},{\"@type\":\"ListItem\",\"position\":2,\"name\":\"Priser\"}]},{\"@type\":\"WebSite\",\"@id\":\"https:\/\/lejpartybus.dk\/#website\",\"url\":\"https:\/\/lejpartybus.dk\/\",\"name\":\"Lej Partybus\",\"description\":\"Lej Partybus\",\"potentialAction\":[{\"@type\":\"SearchAction\",\"target\":{\"@type\":\"EntryPoint\",\"urlTemplate\":\"https:\/\/lejpartybus.dk\/?s={search_term_string}\"},\"query-input\":{\"@type\":\"PropertyValueSpecification\",\"valueRequired\":true,\"valueName\":\"search_term_string\"}}],\"inLanguage\":\"en-GB\"}]}<\/script>\n<!-- \/ Yoast SEO plugin. -->","yoast_head_json":{"title":"Prices | Rent a Party Bus","robots":{"index":"index","follow":"follow","max-snippet":"max-snippet:-1","max-image-preview":"max-image-preview:large","max-video-preview":"max-video-preview:-1"},"canonical":"https:\/\/lejpartybus.dk\/en\/prices\/","og_locale":"en_GB","og_type":"article","og_title":"Priser | Lej Partybus","og_description":"F\u00e5 en uforglemmelig fest p\u00e5 hjul til en pris, der passer til jeres budget! Vores fleksible l\u00f8sninger sikrer, at I f\u00e5r den bedste oplevelse, uanset om det er en kort tur gennem byen eller en hel aften p\u00e5 vejene. Se vores priser herunder.","og_url":"https:\/\/lejpartybus.dk\/en\/prices\/","og_site_name":"Lej Partybus","article_modified_time":"2026-02-19T13:00:14+00:00","og_image":[{"width":1080,"height":720,"url":"https:\/\/lejpartybus.dk\/wp-content\/uploads\/2025\/09\/att.ECOaChL3nmTjgt0IApY9rOcaz4xYOrMqszDsSUdPYXM.jpg","type":"image\/jpeg"}],"twitter_card":"summary_large_image","twitter_misc":{"Estimated reading time":"1 minute"},"schema":{"@context":"https:\/\/schema.org","@graph":[{"@type":"WebPage","@id":"https:\/\/lejpartybus.dk\/priser\/","url":"https:\/\/lejpartybus.dk\/priser\/","name":"Prices | Rent a Party Bus","isPartOf":{"@id":"https:\/\/lejpartybus.dk\/#website"},"primaryImageOfPage":{"@id":"https:\/\/lejpartybus.dk\/priser\/#primaryimage"},"image":{"@id":"https:\/\/lejpartybus.dk\/priser\/#primaryimage"},"thumbnailUrl":"https:\/\/lejpartybus.dk\/wp-content\/uploads\/2025\/09\/att.ECOaChL3nmTjgt0IApY9rOcaz4xYOrMqszDsSUdPYXM.jpg","datePublished":"2025-01-31T13:41:58+00:00","dateModified":"2026-02-19T13:00:14+00:00","breadcrumb":{"@id":"https:\/\/lejpartybus.dk\/priser\/#breadcrumb"},"inLanguage":"en-GB","potentialAction":[{"@type":"ReadAction","target":["https:\/\/lejpartybus.dk\/priser\/"]}]},{"@type":"ImageObject","inLanguage":"en-GB","@id":"https:\/\/lejpartybus.dk\/priser\/#primaryimage","url":"https:\/\/lejpartybus.dk\/wp-content\/uploads\/2025\/09\/att.ECOaChL3nmTjgt0IApY9rOcaz4xYOrMqszDsSUdPYXM.jpg","contentUrl":"https:\/\/lejpartybus.dk\/wp-content\/uploads\/2025\/09\/att.ECOaChL3nmTjgt0IApY9rOcaz4xYOrMqszDsSUdPYXM.jpg","width":1080,"height":720},{"@type":"BreadcrumbList","@id":"https:\/\/lejpartybus.dk\/priser\/#breadcrumb","itemListElement":[{"@type":"ListItem","position":1,"name":"Hjem","item":"https:\/\/lejpartybus.dk\/"},{"@type":"ListItem","position":2,"name":"Priser"}]},{"@type":"WebSite","@id":"https:\/\/lejpartybus.dk\/#website","url":"https:\/\/lejpartybus.dk\/","name":"Rent a party bus","description":"Rent a party bus","potentialAction":[{"@type":"SearchAction","target":{"@type":"EntryPoint","urlTemplate":"https:\/\/lejpartybus.dk\/?s={search_term_string}"},"query-input":{"@type":"PropertyValueSpecification","valueRequired":true,"valueName":"search_term_string"}}],"inLanguage":"en-GB"}]}},"_links":{"self":[{"href":"https:\/\/lejpartybus.dk\/en\/wp-json\/wp\/v2\/pages\/205","targetHints":{"allow":["GET"]}}],"collection":[{"href":"https:\/\/lejpartybus.dk\/en\/wp-json\/wp\/v2\/pages"}],"about":[{"href":"https:\/\/lejpartybus.dk\/en\/wp-json\/wp\/v2\/types\/page"}],"author":[{"embeddable":true,"href":"https:\/\/lejpartybus.dk\/en\/wp-json\/wp\/v2\/users\/1"}],"replies":[{"embeddable":true,"href":"https:\/\/lejpartybus.dk\/en\/wp-json\/wp\/v2\/comments?post=205"}],"version-history":[{"count":33,"href":"https:\/\/lejpartybus.dk\/en\/wp-json\/wp\/v2\/pages\/205\/revisions"}],"predecessor-version":[{"id":593,"href":"https:\/\/lejpartybus.dk\/en\/wp-json\/wp\/v2\/pages\/205\/revisions\/593"}],"wp:featuredmedia":[{"embeddable":true,"href":"https:\/\/lejpartybus.dk\/en\/wp-json\/wp\/v2\/media\/394"}],"wp:attachment":[{"href":"https:\/\/lejpartybus.dk\/en\/wp-json\/wp\/v2\/media?parent=205"}],"curies":[{"name":"wp","href":"https:\/\/api.w.org\/{rel}","templated":true}]}}